{"id":736,"date":"2025-07-23T07:19:39","date_gmt":"2025-07-23T07:19:39","guid":{"rendered":"https:\/\/reikas-tanz.de\/?page_id=736"},"modified":"2025-09-02T14:00:14","modified_gmt":"2025-09-02T14:00:14","slug":"limitierte-crowdfunding-dankeschoens","status":"publish","type":"page","link":"https:\/\/reikas-tanz.de\/en\/auf-startseite-angezeigt\/limitierte-crowdfunding-dankeschoens\/","title":{"rendered":"Limitierte Crowdfunding Dankesch\u00f6ns"},"content":{"rendered":"<p>Hallo ihr Lieben,<\/p>\n\n\n\n<p>es gibt limitierte neue Dankesch\u00f6ns in unserem Crowdfunding \u2013 von euch gew\u00fcnscht, von uns mit Liebe umgesetzt:<\/p>\n\n\n\n<p>\ud83c\udf38 1. Postkarten von Reikas mit H\u00fchnern<br>\ud83d\udcdc 2. Flaschenpost mit handgeschriebenen Setlisten &amp; Songtexten<\/p>\n\n\n\n<p>Beides gibt es nur 10 Mal \u2013 nur bis zum 28.07. (Montag) \u2013 nur hier:<br>\ud83d\udc49 <a href=\"https:\/\/www.startnext.com\/reikas-tanz-auf-und-davon\">https:\/\/www.startnext.com\/reikas-tanz-auf-und-davon<\/a><\/p>\n\n\n\n<p>Wir haben uns ein hohes Ziel gesetzt (7000\u20ac) und ja, die flie\u00dfen alle locker ins Album und dann legen wir noch zus\u00e4tzlich etwas drauf.<br>\ud83d\udca1 ABER: das Crowdfunding ist flexibel &#8211; auch wenn wir dieses Ziel nicht erreichen, hilft uns jeder Euro, den ihr spendet, denn alles gesammelte Geld wird ausbezahlt!<br>Lasst uns gemeinsam so nah wie m\u00f6glich an die 7.000 kommen \u2013 oder vielleicht sogar dr\u00fcber hinaus?<\/p>\n\n\n\n<p>\ud83c\udf81 Es gibt noch viele weitere Dankesch\u00f6ns:<br>z.B. Musikunterricht oder ein intimes Akustik-Konzert nur f\u00fcr Unterst\u00fctzer*innen. Oder ihr spendet frei \u2013 alles hilft!<\/p>\n\n\n\n<p>Kommt an Bord, seid Teil dieser Reise.<br>Wir danken euch von Herzen! \u2764\ufe0f<\/p>\n\n\n\n<p>Yours Reika<\/p>","protected":false},"excerpt":{"rendered":"<p>Hallo ihr Lieben, es gibt limitierte neue Dankesch\u00f6ns in unserem Crowdfunding \u2013 von euch gew\u00fcnscht, von uns mit Liebe umgesetzt: \ud83c\udf38 1. Postkarten von Reikas mit H\u00fchnern\ud83d\udcdc 2. Flaschenpost mit handgeschriebenen Setlisten &amp; Songtexten Beides gibt es nur 10 Mal \u2013 nur bis zum 28.07. (Montag) \u2013 nur hier:\ud83d\udc49 https:\/\/www.startnext.com\/reikas-tanz-auf-und-davon Wir haben uns ein hohes [&hellip;]<\/p>\n","protected":false},"author":4,"featured_media":739,"parent":331,"menu_order":2,"comment_status":"closed","ping_status":"closed","template":"","meta":{"_acf_changed":false,"footnotes":""},"class_list":["post-736","page","type-page","status-publish","has-post-thumbnail","hentry"],"acf":[],"mb":[],"mfb_rest_fields":["title"],"_links":{"self":[{"href":"https:\/\/reikas-tanz.de\/en\/wp-json\/wp\/v2\/pages\/736","targetHints":{"allow":["GET"]}}],"collection":[{"href":"https:\/\/reikas-tanz.de\/en\/wp-json\/wp\/v2\/pages"}],"about":[{"href":"https:\/\/reikas-tanz.de\/en\/wp-json\/wp\/v2\/types\/page"}],"author":[{"embeddable":true,"href":"https:\/\/reikas-tanz.de\/en\/wp-json\/wp\/v2\/users\/4"}],"replies":[{"embeddable":true,"href":"https:\/\/reikas-tanz.de\/en\/wp-json\/wp\/v2\/comments?post=736"}],"version-history":[{"count":2,"href":"https:\/\/reikas-tanz.de\/en\/wp-json\/wp\/v2\/pages\/736\/revisions"}],"predecessor-version":[{"id":740,"href":"https:\/\/reikas-tanz.de\/en\/wp-json\/wp\/v2\/pages\/736\/revisions\/740"}],"up":[{"embeddable":true,"href":"https:\/\/reikas-tanz.de\/en\/wp-json\/wp\/v2\/pages\/331"}],"wp:featuredmedia":[{"embeddable":true,"href":"https:\/\/reikas-tanz.de\/en\/wp-json\/wp\/v2\/media\/739"}],"wp:attachment":[{"href":"https:\/\/reikas-tanz.de\/en\/wp-json\/wp\/v2\/media?parent=736"}],"curies":[{"name":"wp","href":"https:\/\/api.w.org\/{rel}","templated":true}]}}