{"id":726,"date":"2025-06-28T10:44:51","date_gmt":"2025-06-28T10:44:51","guid":{"rendered":"https:\/\/reikas-tanz.de\/?page_id=726"},"modified":"2025-07-27T11:36:14","modified_gmt":"2025-07-27T11:36:14","slug":"tour-2026","status":"publish","type":"page","link":"https:\/\/reikas-tanz.de\/en\/auf-startseite-angezeigt\/tour-2026\/","title":{"rendered":"Tour 2026"},"content":{"rendered":"<div style=\"height:100px\" aria-hidden=\"true\" class=\"wp-block-spacer\"><\/div>\n\n\n\n<h2 class=\"wp-block-heading\">Unsere erste eigene Tour (2026)<\/h2>\n\n\n\n<p class=\"has-text-align-center\"><em>\u00a0Das wird magisch!<\/em><\/p>\n\n\n\n<p>Wir machen es: Eine eigene Clubtour! <br>Im M\u00e4rz 2026 soll es sein, an vier Tagen, in vier St\u00e4dten, unser  drittes Album. Und unsere erste Tour!<\/p>\n\n\n\n<p>Wenn ihr dabei sein wollt, wie wir gemeinsam fliegen und in eine mystische, dunkelsch\u00f6ne und tanzbare Welt eintauchen: Ihr seid herzlich eingeladen!<\/p>\n\n\n\n<p>Mit euch werden wir Hamburg, Berlin, Leipzig und N\u00fcrnberg zum Tr\u00e4umen bringen.<br>F\u00fcr Tickets in Hamburg, schaut beim <a href=\"https:\/\/kulturpalast-hamburg.leoticket.de\/fs\/722196c7-edb6-4973-8361-7d3f6b446299\"> Kulturpalast<\/a> vorbei.<br>F\u00fcr Berlin, Leipzig und N\u00fcrnberg findet ihr sie auf <a href=\"https:\/\/www.eventbrite.de\/cc\/auf-und-davon-tour-4372023\"> Eventbrite<\/a>.<br>Bis Ende Juli gibt es Early-Bird Tickets (begrenztes Kontingent).<\/p>\n\n\n\n<p>Gemeinsam mit Euch machen wir den Folk lebendig!<\/p>\n\n\n\n<div style=\"height:100px\" aria-hidden=\"true\" class=\"wp-block-spacer\"><\/div>","protected":false},"excerpt":{"rendered":"<p>Unsere erste eigene Tour (2026) \u00a0Das wird magisch! Wir machen es: Eine eigene Clubtour! Im M\u00e4rz 2026 soll es sein, an vier Tagen, in vier St\u00e4dten, unser drittes Album. Und unsere erste Tour! Wenn ihr dabei sein wollt, wie wir gemeinsam fliegen und in eine mystische, dunkelsch\u00f6ne und tanzbare Welt eintauchen: Ihr seid herzlich eingeladen! [&hellip;]<\/p>\n","protected":false},"author":1,"featured_media":728,"parent":331,"menu_order":0,"comment_status":"closed","ping_status":"closed","template":"","meta":{"_acf_changed":false,"footnotes":""},"class_list":["post-726","page","type-page","status-publish","has-post-thumbnail","hentry"],"acf":[],"mb":[],"mfb_rest_fields":["title"],"_links":{"self":[{"href":"https:\/\/reikas-tanz.de\/en\/wp-json\/wp\/v2\/pages\/726","targetHints":{"allow":["GET"]}}],"collection":[{"href":"https:\/\/reikas-tanz.de\/en\/wp-json\/wp\/v2\/pages"}],"about":[{"href":"https:\/\/reikas-tanz.de\/en\/wp-json\/wp\/v2\/types\/page"}],"author":[{"embeddable":true,"href":"https:\/\/reikas-tanz.de\/en\/wp-json\/wp\/v2\/users\/1"}],"replies":[{"embeddable":true,"href":"https:\/\/reikas-tanz.de\/en\/wp-json\/wp\/v2\/comments?post=726"}],"version-history":[{"count":7,"href":"https:\/\/reikas-tanz.de\/en\/wp-json\/wp\/v2\/pages\/726\/revisions"}],"predecessor-version":[{"id":754,"href":"https:\/\/reikas-tanz.de\/en\/wp-json\/wp\/v2\/pages\/726\/revisions\/754"}],"up":[{"embeddable":true,"href":"https:\/\/reikas-tanz.de\/en\/wp-json\/wp\/v2\/pages\/331"}],"wp:featuredmedia":[{"embeddable":true,"href":"https:\/\/reikas-tanz.de\/en\/wp-json\/wp\/v2\/media\/728"}],"wp:attachment":[{"href":"https:\/\/reikas-tanz.de\/en\/wp-json\/wp\/v2\/media?parent=726"}],"curies":[{"name":"wp","href":"https:\/\/api.w.org\/{rel}","templated":true}]}}