{"id":721,"date":"2025-06-28T10:25:35","date_gmt":"2025-06-28T10:25:35","guid":{"rendered":"https:\/\/reikas-tanz.de\/?page_id=721"},"modified":"2025-07-27T11:21:36","modified_gmt":"2025-07-27T11:21:36","slug":"crowdfunding","status":"publish","type":"page","link":"https:\/\/reikas-tanz.de\/en\/auf-startseite-angezeigt\/crowdfunding\/","title":{"rendered":"Crowdfunding"},"content":{"rendered":"<div style=\"height:100px\" aria-hidden=\"true\" class=\"wp-block-spacer\"><\/div>\n\n\n\n<h2 class=\"wp-block-heading\">Hilf uns beim Crowdfunding<\/h2>\n\n\n\n<p>Seit kurzem l\u00e4uft unser Crowdfunding f\u00fcr unser drittes Album <strong><em>Auf und Davon<\/em><\/strong>. Dort werden euch neue viele Lieder aus unserer Feder erwarten &#8211; ein paar habt ihr auch live schon h\u00f6ren k\u00f6nnen. <\/p>\n\n\n\n<p>Wir k\u00f6nnen vermutlich nicht zu sehr hervorheben, wie elementar wichtig ihr als Fans daf\u00fcr seid, dass wir das machen k\u00f6nnen. Eine Albumproduktion ben\u00f6tigt viel Zeit und viele Ressourcen, vor allem nat\u00fcrlich Geld. Kaum eine aufstrebende Band kann das so einfach selbst stellen. Auf jeden Fall schon einmal tausend Dank f\u00fcr eure bisherige Unterst\u00fctzung!<\/p>\n\n\n\n<p>Wenn ihr auch bei diesem Album mit dabei sein wollt, dann schaut mal <a href=\"https:\/\/www.startnext.com\/reikas-tanz-auf-und-davon\">hier auf unsere Crowdfunding Seite<\/a>.<br>Dort k\u00f6nnt ihr uns noch bis zum 03. August 2025 unterst\u00fctzen. Selbstverst\u00e4ndlich m\u00f6chten wir euch daf\u00fcr auch etwas zur\u00fcckgeben und haben uns ein paar Dankesch\u00f6ns \u00fcberlegt:<br>Dort gibt es unter anderem von uns handgefertigten Schmuck, Karten f\u00fcr ein exklusives Akustikkonzert, nat\u00fcrlich die neue CD (gern signiert) und vieles mehr.<\/p>\n\n\n\n<p>Wir sind super gespannt, was ihr zu unseren neuen Liedern sagt. Uns sind sie schon sehr ans Herz gewachsen \u2661<\/p>\n\n\n\n<div style=\"height:100px\" aria-hidden=\"true\" class=\"wp-block-spacer\"><\/div>","protected":false},"excerpt":{"rendered":"<p>Hilf uns beim Crowdfunding Seit kurzem l\u00e4uft unser Crowdfunding f\u00fcr unser drittes Album Auf und Davon. Dort werden euch neue viele Lieder aus unserer Feder erwarten &#8211; ein paar habt ihr auch live schon h\u00f6ren k\u00f6nnen. Wir k\u00f6nnen vermutlich nicht zu sehr hervorheben, wie elementar wichtig ihr als Fans daf\u00fcr seid, dass wir das machen [&hellip;]<\/p>\n","protected":false},"author":1,"featured_media":730,"parent":331,"menu_order":0,"comment_status":"closed","ping_status":"closed","template":"","meta":{"_acf_changed":false,"footnotes":""},"class_list":["post-721","page","type-page","status-publish","has-post-thumbnail","hentry"],"acf":[],"mb":[],"mfb_rest_fields":["title"],"_links":{"self":[{"href":"https:\/\/reikas-tanz.de\/en\/wp-json\/wp\/v2\/pages\/721","targetHints":{"allow":["GET"]}}],"collection":[{"href":"https:\/\/reikas-tanz.de\/en\/wp-json\/wp\/v2\/pages"}],"about":[{"href":"https:\/\/reikas-tanz.de\/en\/wp-json\/wp\/v2\/types\/page"}],"author":[{"embeddable":true,"href":"https:\/\/reikas-tanz.de\/en\/wp-json\/wp\/v2\/users\/1"}],"replies":[{"embeddable":true,"href":"https:\/\/reikas-tanz.de\/en\/wp-json\/wp\/v2\/comments?post=721"}],"version-history":[{"count":7,"href":"https:\/\/reikas-tanz.de\/en\/wp-json\/wp\/v2\/pages\/721\/revisions"}],"predecessor-version":[{"id":748,"href":"https:\/\/reikas-tanz.de\/en\/wp-json\/wp\/v2\/pages\/721\/revisions\/748"}],"up":[{"embeddable":true,"href":"https:\/\/reikas-tanz.de\/en\/wp-json\/wp\/v2\/pages\/331"}],"wp:featuredmedia":[{"embeddable":true,"href":"https:\/\/reikas-tanz.de\/en\/wp-json\/wp\/v2\/media\/730"}],"wp:attachment":[{"href":"https:\/\/reikas-tanz.de\/en\/wp-json\/wp\/v2\/media?parent=721"}],"curies":[{"name":"wp","href":"https:\/\/api.w.org\/{rel}","templated":true}]}}